{"id":170,"date":"2023-07-29T11:19:48","date_gmt":"2023-07-29T09:19:48","guid":{"rendered":"https:\/\/mo-od.net\/mood\/Nouveau%20site%202023\/?page_id=170"},"modified":"2024-02-07T09:30:45","modified_gmt":"2024-02-07T08:30:45","slug":"notre-equipe","status":"publish","type":"page","link":"https:\/\/mo-od.net\/index.php\/notre-equipe\/","title":{"rendered":"Notre \u00e9quipe"},"content":{"rendered":"\n<div class=\"wp-block-group alignwide ona-container is-layout-constrained wp-container-core-group-is-layout-05539529 wp-block-group-is-layout-constrained\">\n<div style=\"height:60px\" aria-hidden=\"true\" class=\"wp-block-spacer\"><\/div>\n\n\n\n<div class=\"wp-block-columns is-layout-flex wp-container-core-columns-is-layout-28f84493 wp-block-columns-is-layout-flex\">\n<div class=\"wp-block-column is-layout-flow wp-block-column-is-layout-flow\">\n<figure class=\"wp-block-image size-large\"><img loading=\"lazy\" decoding=\"async\" width=\"1024\" height=\"683\" src=\"https:\/\/mo-od.net\/wp-content\/uploads\/2024\/02\/1P8A5712-1024x683.png\" alt=\"\" class=\"wp-image-315\" srcset=\"https:\/\/mo-od.net\/wp-content\/uploads\/2024\/02\/1P8A5712-1024x683.png 1024w, https:\/\/mo-od.net\/wp-content\/uploads\/2024\/02\/1P8A5712-300x200.png 300w, https:\/\/mo-od.net\/wp-content\/uploads\/2024\/02\/1P8A5712-768x512.png 768w, https:\/\/mo-od.net\/wp-content\/uploads\/2024\/02\/1P8A5712-1536x1024.png 1536w, https:\/\/mo-od.net\/wp-content\/uploads\/2024\/02\/1P8A5712-2048x1365.png 2048w, https:\/\/mo-od.net\/wp-content\/uploads\/2024\/02\/1P8A5712-1170x780.png 1170w\" sizes=\"auto, (max-width: 1024px) 100vw, 1024px\" \/><\/figure>\n<\/div>\n\n\n\n<div class=\"wp-block-column is-layout-flow wp-block-column-is-layout-flow\">\n<h1 class=\"wp-block-heading has-text-align-left is-style-ona-alt-font\">Leatitia Russo<\/h1>\n\n\n\n<h6 class=\"wp-block-heading\">Project \/ community Manager<\/h6>\n\n\n\n<p><a href=\"mailto:laetitia@mo-od.net\">laetitia@mo-od.net<\/a><\/p>\n\n\n\n<p>Laetitia incarne l&rsquo;essence m\u00eame d&rsquo;un chef d&rsquo;orchestre, harmonisant les talents individuels au sein de notre \u00e9quipe diversifi\u00e9e pour produire un ensemble coh\u00e9rent. Son r\u00f4le de gestionnaire de projet d\u00e9passe le simple aspect administratif : elle cultive un environnement o\u00f9 les id\u00e9es sont partag\u00e9es, les objectifs sont clairs et chaque membre est inspir\u00e9 \u00e0 donner le meilleur de lui-m\u00eame.<\/p>\n\n\n\n<p>Parmi ses multiples talents, Laetitia maitrise \u00e9galement l&rsquo;art du montage pour des petites capsules vid\u00e9os, les r\u00e9seaux sociaux, les t\u00e2ches administratives et la communication au sein de notre \u00e9quipe. Ce qui fait d&rsquo;elle une pi\u00e8ce ma\u00eetresse indispensable de notre r\u00e9ussite. Laetitia ne se contente pas de g\u00e9rer les projets &#8211; elle les propulse vers l&rsquo;excellence.<\/p>\n<\/div>\n<\/div>\n\n\n\n<div style=\"height:95px\" aria-hidden=\"true\" class=\"wp-block-spacer\"><\/div>\n\n\n\n<div class=\"wp-block-columns is-layout-flex wp-container-core-columns-is-layout-28f84493 wp-block-columns-is-layout-flex\">\n<div class=\"wp-block-column is-layout-flow wp-block-column-is-layout-flow\">\n<h1 class=\"wp-block-heading has-text-align-left is-style-ona-alt-font\">Damien Hermand<\/h1>\n\n\n\n<h6 class=\"wp-block-heading\">Strat\u00e9gie de d\u00e9veloppement et de finance<\/h6>\n\n\n\n<p><a href=\"mailto:damien@mo-od.net\">damien@mo-od.net<\/a><\/p>\n\n\n\n<p>Le \u00ab\u00a0chef\u00a0\u00bb de nous ! <\/p>\n\n\n\n<p>Dot\u00e9 d&rsquo;une solide formation en finance et d&rsquo;une carri\u00e8re impressionnante dans le secteur bancaire, Damien est le pilier financier de notre entreprise. Avec une clairvoyance hors du commun, il identifie les opportunit\u00e9s d&rsquo;expansion, explore de nouveaux march\u00e9s et fa\u00e7onne des plans de croissance ambitieux.<\/p>\n\n\n\n<p>L&rsquo;esprit de Damien est une source in\u00e9puisable d&rsquo;id\u00e9es cr\u00e9atives et novatrices. Il sait comment transformer des id\u00e9es en actions concr\u00e8tes.<\/p>\n<\/div>\n\n\n\n<div class=\"wp-block-column is-layout-flow wp-block-column-is-layout-flow\">\n<figure class=\"wp-block-image size-large\"><img loading=\"lazy\" decoding=\"async\" width=\"1024\" height=\"683\" src=\"https:\/\/mo-od.net\/wp-content\/uploads\/2024\/02\/1P8A5746-1024x683.jpg\" alt=\"\" class=\"wp-image-307\" srcset=\"https:\/\/mo-od.net\/wp-content\/uploads\/2024\/02\/1P8A5746-1024x683.jpg 1024w, https:\/\/mo-od.net\/wp-content\/uploads\/2024\/02\/1P8A5746-300x200.jpg 300w, https:\/\/mo-od.net\/wp-content\/uploads\/2024\/02\/1P8A5746-768x512.jpg 768w, https:\/\/mo-od.net\/wp-content\/uploads\/2024\/02\/1P8A5746-1536x1024.jpg 1536w, https:\/\/mo-od.net\/wp-content\/uploads\/2024\/02\/1P8A5746-2048x1365.jpg 2048w, https:\/\/mo-od.net\/wp-content\/uploads\/2024\/02\/1P8A5746-1170x780.jpg 1170w\" sizes=\"auto, (max-width: 1024px) 100vw, 1024px\" \/><\/figure>\n<\/div>\n<\/div>\n\n\n\n<div style=\"height:117px\" aria-hidden=\"true\" class=\"wp-block-spacer\"><\/div>\n\n\n\n<div class=\"wp-block-columns is-layout-flex wp-container-core-columns-is-layout-28f84493 wp-block-columns-is-layout-flex\">\n<div class=\"wp-block-column is-layout-flow wp-block-column-is-layout-flow\">\n<figure class=\"wp-block-image size-large\"><img loading=\"lazy\" decoding=\"async\" width=\"1024\" height=\"683\" src=\"https:\/\/mo-od.net\/wp-content\/uploads\/2024\/02\/1P8A5733-1024x683.jpg\" alt=\"\" class=\"wp-image-308\" srcset=\"https:\/\/mo-od.net\/wp-content\/uploads\/2024\/02\/1P8A5733-1024x683.jpg 1024w, https:\/\/mo-od.net\/wp-content\/uploads\/2024\/02\/1P8A5733-300x200.jpg 300w, https:\/\/mo-od.net\/wp-content\/uploads\/2024\/02\/1P8A5733-768x512.jpg 768w, https:\/\/mo-od.net\/wp-content\/uploads\/2024\/02\/1P8A5733-1536x1024.jpg 1536w, https:\/\/mo-od.net\/wp-content\/uploads\/2024\/02\/1P8A5733-2048x1365.jpg 2048w, https:\/\/mo-od.net\/wp-content\/uploads\/2024\/02\/1P8A5733-1170x780.jpg 1170w\" sizes=\"auto, (max-width: 1024px) 100vw, 1024px\" \/><\/figure>\n<\/div>\n\n\n\n<div class=\"wp-block-column is-layout-flow wp-block-column-is-layout-flow\">\n<h1 class=\"wp-block-heading has-text-align-left is-style-ona-alt-font\">Lucie Vanesse<\/h1>\n\n\n\n<h6 class=\"wp-block-heading\">graphiste \/ illustratrice<\/h6>\n\n\n\n<p><a href=\"mailto:lucie@mo-od.net\">lucie@mo-od.net<\/a><\/p>\n\n\n\n<p>En tant que graphiste et illustratrice, elle apporte une touche de magie \u00e0 chaque projet, transformant des id\u00e9es abstraites en \u0153uvres d&rsquo;art num\u00e9riques. Ses comp\u00e9tences en illustration ajoutent une dimension unique \u00e0 nos projets, captivant l&rsquo;attention et suscitant l&rsquo;\u00e9motion.<\/p>\n\n\n\n<p>Elle est le couteau suisse de la boite ! De la cr\u00e9ation de logos saisissants \u00e0 la conception de contenus digitaux accrocheurs, elle ma\u00eetrise chaque aspect du design graphique. De plus, sa comp\u00e9tence en photographie ajoute une perspective tangible et authentique \u00e0 son travail. Sa petite ma\u00eetrise du web design lui permet \u00e9galement de contribuer \u00e0 la cr\u00e9ation d&rsquo;exp\u00e9riences en ligne convaincantes.<\/p>\n<\/div>\n<\/div>\n\n\n\n<div style=\"height:100px\" aria-hidden=\"true\" class=\"wp-block-spacer\"><\/div>\n\n\n\n<div style=\"height:80px\" aria-hidden=\"true\" class=\"wp-block-spacer\"><\/div>\n<\/div>\n","protected":false},"excerpt":{"rendered":"<p>Leatitia Russo Project \/ community Manager laetitia@mo-od.net Laetitia incarne l&rsquo;essence m\u00eame d&rsquo;un chef d&rsquo;orchestre, harmonisant les talents individuels au sein de notre \u00e9quipe diversifi\u00e9e pour produire un ensemble coh\u00e9rent. Son r\u00f4le de gestionnaire de projet d\u00e9passe le simple aspect administratif : elle cultive un environnement o\u00f9 les id\u00e9es sont partag\u00e9es, les objectifs sont clairs et [&hellip;]<\/p>\n","protected":false},"author":1,"featured_media":0,"parent":0,"menu_order":0,"comment_status":"closed","ping_status":"closed","template":"","meta":{"footnotes":""},"class_list":["post-170","page","type-page","status-publish","hentry"],"_links":{"self":[{"href":"https:\/\/mo-od.net\/index.php\/wp-json\/wp\/v2\/pages\/170","targetHints":{"allow":["GET"]}}],"collection":[{"href":"https:\/\/mo-od.net\/index.php\/wp-json\/wp\/v2\/pages"}],"about":[{"href":"https:\/\/mo-od.net\/index.php\/wp-json\/wp\/v2\/types\/page"}],"author":[{"embeddable":true,"href":"https:\/\/mo-od.net\/index.php\/wp-json\/wp\/v2\/users\/1"}],"replies":[{"embeddable":true,"href":"https:\/\/mo-od.net\/index.php\/wp-json\/wp\/v2\/comments?post=170"}],"version-history":[{"count":14,"href":"https:\/\/mo-od.net\/index.php\/wp-json\/wp\/v2\/pages\/170\/revisions"}],"predecessor-version":[{"id":316,"href":"https:\/\/mo-od.net\/index.php\/wp-json\/wp\/v2\/pages\/170\/revisions\/316"}],"wp:attachment":[{"href":"https:\/\/mo-od.net\/index.php\/wp-json\/wp\/v2\/media?parent=170"}],"curies":[{"name":"wp","href":"https:\/\/api.w.org\/{rel}","templated":true}]}}